{"id":17376,"date":"2020-04-18T08:10:58","date_gmt":"2020-04-18T07:10:58","guid":{"rendered":"https:\/\/logicargo.es\/calidad\/"},"modified":"2020-11-12T17:24:09","modified_gmt":"2020-11-12T17:24:09","slug":"quality","status":"publish","type":"page","link":"https:\/\/logicargo.es\/en\/quality\/","title":{"rendered":"Quality"},"content":{"rendered":"<div class=\"vgblk-rw-wrapper limit-wrapper\">\n<h3>\n\tDep\u00f3sitos Especiales\n\t<\/h3>\n\t<p>Dep\u00f3sitos fiscales, ADTs (almacenes de dep\u00f3sito temporal), Dep\u00f3sito REF y LAME, en ambas islas capitalinas, autorizados por la Agencia Tributaria y Gobierno de Canarias.<\/p>\n<h3>\n\tAutorizaci\u00f3n AEAT\n\t<\/h3>\n\t<p>Autorizaci\u00f3n de la Agencia Tributaria y de la Administraci\u00f3n Tributaria Canaria para presentaci\u00f3n de despachos IMPORT\/EXPORT por representaci\u00f3n indirecta.<\/p>\n<h3>\n\tISO 9001:2015\n\t<\/h3>\n\t<p>Disponemos de la certificaci\u00f3n ISO 9001:2015 en vigor.<\/p>\n<h3>\n\tOEA\n\t<\/h3>\n\t<p>Operador Econ\u00f3mico Autorizado, agente de confianza de la Agencia Tributaria.<\/p>\n<\/div><!-- .vgblk-rw-wrapper -->","protected":false},"excerpt":{"rendered":"<p>Dep\u00f3sitos Especiales Dep\u00f3sitos fiscales, ADTs (almacenes de dep\u00f3sito temporal), Dep\u00f3sito REF y LAME, en ambas islas capitalinas, autorizados por la Agencia Tributaria y Gobierno de Canarias. Autorizaci\u00f3n AEAT Autorizaci\u00f3n de la Agencia Tributaria y de la Administraci\u00f3n Tributaria Canaria para presentaci\u00f3n de despachos IMPORT\/EXPORT por representaci\u00f3n indirecta. ISO 9001:2015 Disponemos de la certificaci\u00f3n ISO 9001:2015&#8230;<\/p>\n","protected":false},"author":1,"featured_media":0,"parent":0,"menu_order":0,"comment_status":"closed","ping_status":"closed","template":"","meta":{"_price":"","_stock":"","_tribe_ticket_header":"","_tribe_default_ticket_provider":"","_tribe_ticket_capacity":"0","_ticket_start_date":"","_ticket_end_date":"","_tribe_ticket_show_description":"","_tribe_ticket_show_not_going":false,"_tribe_ticket_use_global_stock":"","_tribe_ticket_global_stock_level":"","_global_stock_mode":"","_global_stock_cap":"","_tribe_rsvp_for_event":"","_tribe_ticket_going_count":"","_tribe_ticket_not_going_count":"","_tribe_tickets_list":[],"_tribe_ticket_has_attendee_info_fields":false},"yoast_head":"<!-- This site is optimized with the Yoast SEO plugin v15.2.1 - https:\/\/yoast.com\/wordpress\/plugins\/seo\/ -->\n<title>Quality - LOGICARGO<\/title>\n<meta name=\"robots\" content=\"index, follow, max-snippet:-1, max-image-preview:large, max-video-preview:-1\" \/>\n<link rel=\"canonical\" href=\"https:\/\/logicargo.es\/en\/quality\/\" \/>\n<meta property=\"og:locale\" content=\"en_US\" \/>\n<meta property=\"og:type\" content=\"article\" \/>\n<meta property=\"og:title\" content=\"Quality - LOGICARGO\" \/>\n<meta property=\"og:description\" content=\"Dep\u00f3sitos Especiales Dep\u00f3sitos fiscales, ADTs (almacenes de dep\u00f3sito temporal), Dep\u00f3sito REF y LAME, en ambas islas capitalinas, autorizados por la Agencia Tributaria y Gobierno de Canarias. Autorizaci\u00f3n AEAT Autorizaci\u00f3n de la Agencia Tributaria y de la Administraci\u00f3n Tributaria Canaria para presentaci\u00f3n de despachos IMPORT\/EXPORT por representaci\u00f3n indirecta. ISO 9001:2015 Disponemos de la certificaci\u00f3n ISO 9001:2015...\" \/>\n<meta property=\"og:url\" content=\"https:\/\/logicargo.es\/en\/quality\/\" \/>\n<meta property=\"og:site_name\" content=\"LOGICARGO\" \/>\n<meta property=\"article:modified_time\" content=\"2020-11-12T17:24:09+00:00\" \/>\n<meta name=\"twitter:card\" content=\"summary_large_image\" \/>\n<meta name=\"twitter:label1\" content=\"Written by\">\n\t<meta name=\"twitter:data1\" content=\"logicargo\">\n\t<meta name=\"twitter:label2\" content=\"Est. reading time\">\n\t<meta name=\"twitter:data2\" content=\"0 minutes\">\n<script type=\"application\/ld+json\" class=\"yoast-schema-graph\">{\"@context\":\"https:\/\/schema.org\",\"@graph\":[{\"@type\":\"Organization\",\"@id\":\"https:\/\/logicargo.es\/#organization\",\"name\":\"Logicargo S.L.\",\"url\":\"https:\/\/logicargo.es\/\",\"sameAs\":[\"https:\/\/www.instagram.com\/logicargocanarias\/\",\"https:\/\/www.linkedin.com\/company\/logicargo-canarias\"],\"logo\":{\"@type\":\"ImageObject\",\"@id\":\"https:\/\/logicargo.es\/#logo\",\"inLanguage\":\"en-US\",\"url\":\"https:\/\/logicargo.es\/wp-content\/uploads\/2017\/07\/logohome.png\",\"width\":800,\"height\":329,\"caption\":\"Logicargo S.L.\"},\"image\":{\"@id\":\"https:\/\/logicargo.es\/#logo\"}},{\"@type\":\"WebSite\",\"@id\":\"https:\/\/logicargo.es\/#website\",\"url\":\"https:\/\/logicargo.es\/\",\"name\":\"Logicargo\",\"description\":\"Servicios de log\\u00edstica integral en Canarias\",\"publisher\":{\"@id\":\"https:\/\/logicargo.es\/#organization\"},\"potentialAction\":[{\"@type\":\"SearchAction\",\"target\":\"https:\/\/logicargo.es\/?s={search_term_string}\",\"query-input\":\"required name=search_term_string\"}],\"inLanguage\":\"en-US\"},{\"@type\":\"WebPage\",\"@id\":\"https:\/\/logicargo.es\/en\/quality\/#webpage\",\"url\":\"https:\/\/logicargo.es\/en\/quality\/\",\"name\":\"Quality - LOGICARGO\",\"isPartOf\":{\"@id\":\"https:\/\/logicargo.es\/#website\"},\"datePublished\":\"2020-04-18T07:10:58+00:00\",\"dateModified\":\"2020-11-12T17:24:09+00:00\",\"inLanguage\":\"en-US\",\"potentialAction\":[{\"@type\":\"ReadAction\",\"target\":[\"https:\/\/logicargo.es\/en\/quality\/\"]}]}]}<\/script>\n<!-- \/ Yoast SEO plugin. -->","jetpack_sharing_enabled":true,"_links":{"self":[{"href":"https:\/\/logicargo.es\/en\/wp-json\/wp\/v2\/pages\/17376"}],"collection":[{"href":"https:\/\/logicargo.es\/en\/wp-json\/wp\/v2\/pages"}],"about":[{"href":"https:\/\/logicargo.es\/en\/wp-json\/wp\/v2\/types\/page"}],"author":[{"embeddable":true,"href":"https:\/\/logicargo.es\/en\/wp-json\/wp\/v2\/users\/1"}],"replies":[{"embeddable":true,"href":"https:\/\/logicargo.es\/en\/wp-json\/wp\/v2\/comments?post=17376"}],"version-history":[{"count":2,"href":"https:\/\/logicargo.es\/en\/wp-json\/wp\/v2\/pages\/17376\/revisions"}],"predecessor-version":[{"id":17406,"href":"https:\/\/logicargo.es\/en\/wp-json\/wp\/v2\/pages\/17376\/revisions\/17406"}],"wp:attachment":[{"href":"https:\/\/logicargo.es\/en\/wp-json\/wp\/v2\/media?parent=17376"}],"curies":[{"name":"wp","href":"https:\/\/api.w.org\/{rel}","templated":true}]}}