{"id":17378,"date":"2020-04-18T09:00:48","date_gmt":"2020-04-18T08:00:48","guid":{"rendered":"https:\/\/logicargo.es\/clientes\/"},"modified":"2020-11-16T16:02:54","modified_gmt":"2020-11-16T16:02:54","slug":"customers","status":"publish","type":"page","link":"https:\/\/logicargo.es\/en\/customers\/","title":{"rendered":"Customers"},"content":{"rendered":"<div class=\"vgblk-rw-wrapper limit-wrapper\">\n<h1>\n\tNuestros <b>clientes<\/b>\n\t<\/h1>\n\t<p>Logicargo es el agente log\u00edstico <b>\u00fanico y<\/b> <b>en exclusiva<\/b> en Canarias de los distribuidores de bebidas alcoh\u00f3licas m\u00e1s importantes a nivel mundial. <b>M\u00e1s del 80% de las bebidas que entran en Canarias son distribuidas por LOGICARGO<\/b>.<\/p>\n<p>Algunos de nuestros clientes son:<\/p>\n\t\t\t\t<a href=\"http:\/\/landscaping.demo.vamtam.com\/portfolio\/notting-hill\/\" target=\"_self\" itemprop=\"url\" title=\"diageo\" rel=\"noopener noreferrer\">\n\t\t\t\t\t\t\t<img loading=\"lazy\" width=\"533\" height=\"400\" src=\"http:\/\/logicargo.es\/wp-content\/uploads\/2020\/10\/diageo.png\" alt=\"diageo\" itemprop=\"image\" data-link-type=\"url\" title=\"diageo\" onerror=\"this.style.display='none'\" sizes=\"(max-width: 768px) 100vw, 100vw\" srcset=\"data:image\/svg+xml;utf8,<svg%20xmlns=&quot;http:\/\/www.w3.org\/2000\/svg&quot;%20viewBox=&quot;0%200%20533%20400&quot;%20height=&quot;400px&quot;%20width=&quot;533px&quot;\/>&#8221; data-srcset=&#8221;https:\/\/logicargo.es\/wp-content\/uploads\/2020\/10\/diageo.png 533w, https:\/\/logicargo.es\/wp-content\/uploads\/2020\/10\/diageo-300&#215;225.png 300w, https:\/\/logicargo.es\/wp-content\/uploads\/2020\/10\/diageo-420&#215;315.png 420w, https:\/\/logicargo.es\/wp-content\/uploads\/2020\/10\/diageo-315&#215;236.png 315w&#8221;>\t\t\t\t\t\t<\/a>\n\t\t\t\t<a href=\"http:\/\/landscaping.demo.vamtam.com\/portfolio\/spa\/\" target=\"_self\" itemprop=\"url\" title=\"maxium\" rel=\"noopener noreferrer\">\n\t\t\t\t\t\t\t<img loading=\"lazy\" width=\"406\" height=\"125\" src=\"http:\/\/logicargo.es\/wp-content\/uploads\/2020\/10\/maxium.png\" alt=\"maxium\" itemprop=\"image\" data-link-type=\"url\" title=\"maxium\" onerror=\"this.style.display='none'\" sizes=\"(max-width: 768px) 100vw, 100vw\" srcset=\"data:image\/svg+xml;utf8,<svg%20xmlns=&quot;http:\/\/www.w3.org\/2000\/svg&quot;%20viewBox=&quot;0%200%20406%20125&quot;%20height=&quot;125px&quot;%20width=&quot;406px&quot;\/>&#8221; data-srcset=&#8221;https:\/\/logicargo.es\/wp-content\/uploads\/2020\/10\/maxium.png 406w, https:\/\/logicargo.es\/wp-content\/uploads\/2020\/10\/maxium-300&#215;92.png 300w, https:\/\/logicargo.es\/wp-content\/uploads\/2020\/10\/maxium-315&#215;97.png 315w&#8221;>\t\t\t\t\t\t<\/a>\n\t\t\t\t<a href=\"http:\/\/landscaping.demo.vamtam.com\/portfolio\/spa\/\" target=\"_self\" itemprop=\"url\" title=\"codorniu\" rel=\"noopener noreferrer\">\n\t\t\t\t\t\t\t<img loading=\"lazy\" width=\"1772\" height=\"1772\" src=\"http:\/\/logicargo.es\/wp-content\/uploads\/2020\/10\/codorniu.jpg\" alt=\"codorniu\" itemprop=\"image\" data-link-type=\"url\" title=\"codorniu\" onerror=\"this.style.display='none'\" sizes=\"(max-width: 768px) 100vw, 100vw\" srcset=\"data:image\/svg+xml;utf8,<svg%20xmlns=&quot;http:\/\/www.w3.org\/2000\/svg&quot;%20viewBox=&quot;0%200%201772%201772&quot;%20height=&quot;1772px&quot;%20width=&quot;1772px&quot;\/>&#8221; data-srcset=&#8221;https:\/\/logicargo.es\/wp-content\/uploads\/2020\/10\/codorniu.jpg 1772w, https:\/\/logicargo.es\/wp-content\/uploads\/2020\/10\/codorniu-300&#215;300.jpg 300w, https:\/\/logicargo.es\/wp-content\/uploads\/2020\/10\/codorniu-1024&#215;1024.jpg 1024w, https:\/\/logicargo.es\/wp-content\/uploads\/2020\/10\/codorniu-150&#215;150.jpg 150w, https:\/\/logicargo.es\/wp-content\/uploads\/2020\/10\/codorniu-768&#215;768.jpg 768w, https:\/\/logicargo.es\/wp-content\/uploads\/2020\/10\/codorniu-1536&#215;1536.jpg 1536w, https:\/\/logicargo.es\/wp-content\/uploads\/2020\/10\/codorniu-1260&#215;1260.jpg 1260w, https:\/\/logicargo.es\/wp-content\/uploads\/2020\/10\/codorniu-630&#215;630.jpg 630w, https:\/\/logicargo.es\/wp-content\/uploads\/2020\/10\/codorniu-420&#215;420.jpg 420w, https:\/\/logicargo.es\/wp-content\/uploads\/2020\/10\/codorniu-840&#215;840.jpg 840w, https:\/\/logicargo.es\/wp-content\/uploads\/2020\/10\/codorniu-315&#215;315.jpg 315w, https:\/\/logicargo.es\/wp-content\/uploads\/2020\/10\/codorniu-100&#215;100.jpg 100w&#8221;>\t\t\t\t\t\t<\/a>\n\t\t\t\t<a href=\"http:\/\/landscaping.demo.vamtam.com\/portfolio\/engineering\/\" target=\"_self\" itemprop=\"url\" title=\"ripay\" rel=\"noopener noreferrer\">\n\t\t\t\t\t\t\t<img loading=\"lazy\" width=\"300\" height=\"272\" src=\"http:\/\/logicargo.es\/wp-content\/uploads\/2020\/10\/ripay-300x272.jpg\" alt=\"ripay\" itemprop=\"image\" data-link-type=\"url\" title=\"ripay\" onerror=\"this.style.display='none'\" sizes=\"(max-width: 768px) 100vw, 100vw\" srcset=\"data:image\/svg+xml;utf8,<svg%20xmlns=&quot;http:\/\/www.w3.org\/2000\/svg&quot;%20viewBox=&quot;0%200%20512%20465&quot;%20height=&quot;465px&quot;%20width=&quot;512px&quot;\/>&#8221; data-srcset=&#8221;https:\/\/logicargo.es\/wp-content\/uploads\/2020\/10\/ripay-300&#215;272.jpg 300w, https:\/\/logicargo.es\/wp-content\/uploads\/2020\/10\/ripay-420&#215;381.jpg 420w, https:\/\/logicargo.es\/wp-content\/uploads\/2020\/10\/ripay-315&#215;286.jpg 315w, https:\/\/logicargo.es\/wp-content\/uploads\/2020\/10\/ripay.jpg 512w&#8221;>\t\t\t\t\t\t<\/a>\n\t\t\t\t<a href=\"http:\/\/landscaping.demo.vamtam.com\/portfolio\/jet-black\/\" target=\"_self\" itemprop=\"url\" title=\"brc\" rel=\"noopener noreferrer\">\n\t\t\t\t\t\t\t<img loading=\"lazy\" width=\"200\" height=\"200\" src=\"https:\/\/logicargo.es\/wp-content\/uploads\/2020\/10\/brc.jpeg\" alt=\"brc\" itemprop=\"image\" data-link-type=\"url\" title=\"brc\" onerror=\"this.style.display='none'\" sizes=\"(max-width: 768px) 100vw, 100vw\" srcset=\"data:image\/svg+xml;utf8,<svg%20xmlns=&quot;http:\/\/www.w3.org\/2000\/svg&quot;%20viewBox=&quot;0%200%20200%20200&quot;%20height=&quot;200px&quot;%20width=&quot;200px&quot;\/>&#8221; data-srcset=&#8221;https:\/\/logicargo.es\/wp-content\/uploads\/2020\/10\/brc.jpeg 200w, https:\/\/logicargo.es\/wp-content\/uploads\/2020\/10\/brc-150&#215;150.jpeg 150w, https:\/\/logicargo.es\/wp-content\/uploads\/2020\/10\/brc-100&#215;100.jpeg 100w&#8221;>\t\t\t\t\t\t<\/a>\n\t\t\t\t<a href=\"http:\/\/landscaping.demo.vamtam.com\/portfolio\/notting-hill\/\" target=\"_self\" itemprop=\"url\" title=\"caballero\" rel=\"noopener noreferrer\">\n\t\t\t\t\t\t\t<img loading=\"lazy\" width=\"300\" height=\"98\" src=\"http:\/\/logicargo.es\/wp-content\/uploads\/2020\/10\/caballero.jpg\" data-srcset=\"http:\/\/logicargo.es\/wp-content\/uploads\/2020\/10\/caballero.jpg\" srcset=\"data:image\/svg+xml;utf8,<svg%20xmlns=&quot;http:\/\/www.w3.org\/2000\/svg&quot;%20viewBox=&quot;0%200%20300%2098&quot;%20height=&quot;98px&quot;%20width=&quot;300px&quot;\/>&#8221; alt=&#8221;caballero&#8221; itemprop=&#8221;image&#8221; data-link-type=&#8221;url&#8221; title=&#8221;caballero&#8221; onerror=&#8221;this.style.display=&#8217;none'&#8221; sizes=&#8221;(max-width: 768px) 100vw, 100vw&#8221;>\t\t\t\t\t\t<\/a>\n\t\t\t\t<a href=\"http:\/\/landscaping.demo.vamtam.com\/portfolio\/jet-black\/\" target=\"_self\" itemprop=\"url\" title=\"millenium\" rel=\"noopener noreferrer\">\n\t\t\t\t\t\t\t<img loading=\"lazy\" width=\"512\" height=\"131\" src=\"http:\/\/logicargo.es\/wp-content\/uploads\/2020\/10\/millenium.png\" alt=\"millenium\" itemprop=\"image\" data-link-type=\"url\" title=\"millenium\" onerror=\"this.style.display='none'\" sizes=\"(max-width: 768px) 100vw, 100vw\" srcset=\"data:image\/svg+xml;utf8,<svg%20xmlns=&quot;http:\/\/www.w3.org\/2000\/svg&quot;%20viewBox=&quot;0%200%20512%20131&quot;%20height=&quot;131px&quot;%20width=&quot;512px&quot;\/>&#8221; data-srcset=&#8221;https:\/\/logicargo.es\/wp-content\/uploads\/2020\/10\/millenium.png 512w, https:\/\/logicargo.es\/wp-content\/uploads\/2020\/10\/millenium-300&#215;77.png 300w, https:\/\/logicargo.es\/wp-content\/uploads\/2020\/10\/millenium-420&#215;107.png 420w, https:\/\/logicargo.es\/wp-content\/uploads\/2020\/10\/millenium-315&#215;81.png 315w&#8221;>\t\t\t\t\t\t<\/a>\n\t\t\t\t<a href=\"http:\/\/landscaping.demo.vamtam.com\/portfolio\/spa\/\" target=\"_self\" itemprop=\"url\" title=\"gonzalez-byass\" rel=\"noopener noreferrer\">\n\t\t\t\t\t\t\t<img loading=\"lazy\" width=\"641\" height=\"377\" src=\"http:\/\/logicargo.es\/wp-content\/uploads\/2020\/10\/gonzalez-byass.png\" alt=\"gonzalez-byass\" itemprop=\"image\" data-link-type=\"url\" title=\"gonzalez-byass\" onerror=\"this.style.display='none'\" sizes=\"(max-width: 768px) 100vw, 100vw\" srcset=\"data:image\/svg+xml;utf8,<svg%20xmlns=&quot;http:\/\/www.w3.org\/2000\/svg&quot;%20viewBox=&quot;0%200%20641%20377&quot;%20height=&quot;377px&quot;%20width=&quot;641px&quot;\/>&#8221; data-srcset=&#8221;https:\/\/logicargo.es\/wp-content\/uploads\/2020\/10\/gonzalez-byass.png 641w, https:\/\/logicargo.es\/wp-content\/uploads\/2020\/10\/gonzalez-byass-300&#215;176.png 300w, https:\/\/logicargo.es\/wp-content\/uploads\/2020\/10\/gonzalez-byass-630&#215;371.png 630w, https:\/\/logicargo.es\/wp-content\/uploads\/2020\/10\/gonzalez-byass-420&#215;247.png 420w, https:\/\/logicargo.es\/wp-content\/uploads\/2020\/10\/gonzalez-byass-315&#215;185.png 315w&#8221;>\t\t\t\t\t\t<\/a>\n\t\t\t\t<a href=\"http:\/\/landscaping.demo.vamtam.com\/portfolio\/engineering\/\" target=\"_self\" itemprop=\"url\" title=\"grupo-universal-beverage\" rel=\"noopener noreferrer\">\n\t\t\t\t\t\t\t<img loading=\"lazy\" width=\"512\" height=\"120\" src=\"http:\/\/logicargo.es\/wp-content\/uploads\/2020\/10\/grupo-universal-beverage.png\" alt=\"grupo-universal-beverage\" itemprop=\"image\" data-link-type=\"url\" title=\"grupo-universal-beverage\" onerror=\"this.style.display='none'\" sizes=\"(max-width: 768px) 100vw, 100vw\" srcset=\"data:image\/svg+xml;utf8,<svg%20xmlns=&quot;http:\/\/www.w3.org\/2000\/svg&quot;%20viewBox=&quot;0%200%20512%20120&quot;%20height=&quot;120px&quot;%20width=&quot;512px&quot;\/>&#8221; data-srcset=&#8221;https:\/\/logicargo.es\/wp-content\/uploads\/2020\/10\/grupo-universal-beverage.png 512w, https:\/\/logicargo.es\/wp-content\/uploads\/2020\/10\/grupo-universal-beverage-300&#215;70.png 300w, https:\/\/logicargo.es\/wp-content\/uploads\/2020\/10\/grupo-universal-beverage-420&#215;98.png 420w, https:\/\/logicargo.es\/wp-content\/uploads\/2020\/10\/grupo-universal-beverage-315&#215;74.png 315w&#8221;>\t\t\t\t\t\t<\/a>\n\t\t\t\t<a href=\"http:\/\/landscaping.demo.vamtam.com\/portfolio\/notting-hill\/\" target=\"_self\" itemprop=\"url\" title=\"phillip-morris-spain\" rel=\"noopener noreferrer\">\n\t\t\t\t\t\t\t<img loading=\"lazy\" width=\"340\" height=\"250\" src=\"http:\/\/logicargo.es\/wp-content\/uploads\/2020\/10\/phillip-morris-spain.png\" alt=\"phillip-morris-spain\" itemprop=\"image\" data-link-type=\"url\" title=\"phillip-morris-spain\" onerror=\"this.style.display='none'\" sizes=\"(max-width: 768px) 100vw, 100vw\" srcset=\"data:image\/svg+xml;utf8,<svg%20xmlns=&quot;http:\/\/www.w3.org\/2000\/svg&quot;%20viewBox=&quot;0%200%20340%20250&quot;%20height=&quot;250px&quot;%20width=&quot;340px&quot;\/>&#8221; data-srcset=&#8221;https:\/\/logicargo.es\/wp-content\/uploads\/2020\/10\/phillip-morris-spain.png 340w, https:\/\/logicargo.es\/wp-content\/uploads\/2020\/10\/phillip-morris-spain-300&#215;221.png 300w, https:\/\/logicargo.es\/wp-content\/uploads\/2020\/10\/phillip-morris-spain-315&#215;232.png 315w&#8221;>\t\t\t\t\t\t<\/a>\n\t\t\t\t<a href=\"http:\/\/landscaping.demo.vamtam.com\/portfolio\/jet-black\/\" target=\"_self\" itemprop=\"url\" title=\"diego-zamora\" rel=\"noopener noreferrer\">\n\t\t\t\t\t\t\t<img loading=\"lazy\" width=\"512\" height=\"281\" src=\"http:\/\/logicargo.es\/wp-content\/uploads\/2020\/10\/diego-zamora.png\" alt=\"diego-zamora\" itemprop=\"image\" data-link-type=\"url\" title=\"diego-zamora\" onerror=\"this.style.display='none'\" sizes=\"(max-width: 768px) 100vw, 100vw\" srcset=\"data:image\/svg+xml;utf8,<svg%20xmlns=&quot;http:\/\/www.w3.org\/2000\/svg&quot;%20viewBox=&quot;0%200%20512%20281&quot;%20height=&quot;281px&quot;%20width=&quot;512px&quot;\/>&#8221; data-srcset=&#8221;https:\/\/logicargo.es\/wp-content\/uploads\/2020\/10\/diego-zamora.png 512w, https:\/\/logicargo.es\/wp-content\/uploads\/2020\/10\/diego-zamora-300&#215;165.png 300w, https:\/\/logicargo.es\/wp-content\/uploads\/2020\/10\/diego-zamora-420&#215;231.png 420w, https:\/\/logicargo.es\/wp-content\/uploads\/2020\/10\/diego-zamora-315&#215;173.png 315w&#8221;>\t\t\t\t\t\t<\/a>\n<\/div><!-- .vgblk-rw-wrapper -->","protected":false},"excerpt":{"rendered":"<p>Nuestros clientes Logicargo es el agente log\u00edstico \u00fanico y en exclusiva en Canarias de los distribuidores de bebidas alcoh\u00f3licas m\u00e1s importantes a nivel mundial. M\u00e1s del 80% de las bebidas que entran en Canarias son distribuidas por LOGICARGO. Algunos de nuestros clientes son:<\/p>\n","protected":false},"author":1,"featured_media":0,"parent":0,"menu_order":0,"comment_status":"closed","ping_status":"closed","template":"","meta":{"_price":"","_stock":"","_tribe_ticket_header":"","_tribe_default_ticket_provider":"","_tribe_ticket_capacity":"0","_ticket_start_date":"","_ticket_end_date":"","_tribe_ticket_show_description":"","_tribe_ticket_show_not_going":false,"_tribe_ticket_use_global_stock":"","_tribe_ticket_global_stock_level":"","_global_stock_mode":"","_global_stock_cap":"","_tribe_rsvp_for_event":"","_tribe_ticket_going_count":"","_tribe_ticket_not_going_count":"","_tribe_tickets_list":[],"_tribe_ticket_has_attendee_info_fields":false},"yoast_head":"<!-- This site is optimized with the Yoast SEO plugin v15.2.1 - https:\/\/yoast.com\/wordpress\/plugins\/seo\/ -->\n<title>Customers - LOGICARGO<\/title>\n<meta name=\"robots\" content=\"index, follow, max-snippet:-1, max-image-preview:large, max-video-preview:-1\" \/>\n<link rel=\"canonical\" href=\"https:\/\/logicargo.es\/en\/customers\/\" \/>\n<meta property=\"og:locale\" content=\"en_US\" \/>\n<meta property=\"og:type\" content=\"article\" \/>\n<meta property=\"og:title\" content=\"Customers - LOGICARGO\" \/>\n<meta property=\"og:description\" content=\"Nuestros clientes Logicargo es el agente log\u00edstico \u00fanico y en exclusiva en Canarias de los distribuidores de bebidas alcoh\u00f3licas m\u00e1s importantes a nivel mundial. M\u00e1s del 80% de las bebidas que entran en Canarias son distribuidas por LOGICARGO. Algunos de nuestros clientes son:\" \/>\n<meta property=\"og:url\" content=\"https:\/\/logicargo.es\/en\/customers\/\" \/>\n<meta property=\"og:site_name\" content=\"LOGICARGO\" \/>\n<meta property=\"article:modified_time\" content=\"2020-11-16T16:02:54+00:00\" \/>\n<meta property=\"og:image\" content=\"http:\/\/logicargo.es\/wp-content\/uploads\/2020\/10\/diageo.png\" \/>\n<meta name=\"twitter:card\" content=\"summary_large_image\" \/>\n<meta name=\"twitter:label1\" content=\"Written by\">\n\t<meta name=\"twitter:data1\" content=\"logicargo\">\n\t<meta name=\"twitter:label2\" content=\"Est. reading time\">\n\t<meta name=\"twitter:data2\" content=\"0 minutes\">\n<script type=\"application\/ld+json\" class=\"yoast-schema-graph\">{\"@context\":\"https:\/\/schema.org\",\"@graph\":[{\"@type\":\"Organization\",\"@id\":\"https:\/\/logicargo.es\/#organization\",\"name\":\"Logicargo S.L.\",\"url\":\"https:\/\/logicargo.es\/\",\"sameAs\":[\"https:\/\/www.instagram.com\/logicargocanarias\/\",\"https:\/\/www.linkedin.com\/company\/logicargo-canarias\"],\"logo\":{\"@type\":\"ImageObject\",\"@id\":\"https:\/\/logicargo.es\/#logo\",\"inLanguage\":\"en-US\",\"url\":\"https:\/\/logicargo.es\/wp-content\/uploads\/2017\/07\/logohome.png\",\"width\":800,\"height\":329,\"caption\":\"Logicargo S.L.\"},\"image\":{\"@id\":\"https:\/\/logicargo.es\/#logo\"}},{\"@type\":\"WebSite\",\"@id\":\"https:\/\/logicargo.es\/#website\",\"url\":\"https:\/\/logicargo.es\/\",\"name\":\"Logicargo\",\"description\":\"Servicios de log\\u00edstica integral en Canarias\",\"publisher\":{\"@id\":\"https:\/\/logicargo.es\/#organization\"},\"potentialAction\":[{\"@type\":\"SearchAction\",\"target\":\"https:\/\/logicargo.es\/?s={search_term_string}\",\"query-input\":\"required name=search_term_string\"}],\"inLanguage\":\"en-US\"},{\"@type\":\"ImageObject\",\"@id\":\"https:\/\/logicargo.es\/en\/customers\/#primaryimage\",\"inLanguage\":\"en-US\",\"url\":\"http:\/\/logicargo.es\/wp-content\/uploads\/2020\/10\/diageo.png\"},{\"@type\":\"WebPage\",\"@id\":\"https:\/\/logicargo.es\/en\/customers\/#webpage\",\"url\":\"https:\/\/logicargo.es\/en\/customers\/\",\"name\":\"Customers - LOGICARGO\",\"isPartOf\":{\"@id\":\"https:\/\/logicargo.es\/#website\"},\"primaryImageOfPage\":{\"@id\":\"https:\/\/logicargo.es\/en\/customers\/#primaryimage\"},\"datePublished\":\"2020-04-18T08:00:48+00:00\",\"dateModified\":\"2020-11-16T16:02:54+00:00\",\"inLanguage\":\"en-US\",\"potentialAction\":[{\"@type\":\"ReadAction\",\"target\":[\"https:\/\/logicargo.es\/en\/customers\/\"]}]}]}<\/script>\n<!-- \/ Yoast SEO plugin. -->","jetpack_sharing_enabled":true,"_links":{"self":[{"href":"https:\/\/logicargo.es\/en\/wp-json\/wp\/v2\/pages\/17378"}],"collection":[{"href":"https:\/\/logicargo.es\/en\/wp-json\/wp\/v2\/pages"}],"about":[{"href":"https:\/\/logicargo.es\/en\/wp-json\/wp\/v2\/types\/page"}],"author":[{"embeddable":true,"href":"https:\/\/logicargo.es\/en\/wp-json\/wp\/v2\/users\/1"}],"replies":[{"embeddable":true,"href":"https:\/\/logicargo.es\/en\/wp-json\/wp\/v2\/comments?post=17378"}],"version-history":[{"count":4,"href":"https:\/\/logicargo.es\/en\/wp-json\/wp\/v2\/pages\/17378\/revisions"}],"predecessor-version":[{"id":17499,"href":"https:\/\/logicargo.es\/en\/wp-json\/wp\/v2\/pages\/17378\/revisions\/17499"}],"wp:attachment":[{"href":"https:\/\/logicargo.es\/en\/wp-json\/wp\/v2\/media?parent=17378"}],"curies":[{"name":"wp","href":"https:\/\/api.w.org\/{rel}","templated":true}]}}