{"id":17384,"date":"2020-10-03T13:09:20","date_gmt":"2020-10-03T12:09:20","guid":{"rendered":"https:\/\/logicargo.es\/preguntas-frecuentes\/"},"modified":"2020-11-12T17:22:02","modified_gmt":"2020-11-12T17:22:02","slug":"frequently-asked-questions","status":"publish","type":"page","link":"https:\/\/logicargo.es\/en\/frequently-asked-questions\/","title":{"rendered":"Frequently Asked Questions"},"content":{"rendered":"<div class=\"vgblk-rw-wrapper limit-wrapper\">\n\u00bfQu\u00e9 es un grupaje?\n\t\t<p>Un <strong>grupaje<\/strong> o <strong>consolidaci\u00f3n de mercanc\u00edas<\/strong> es el proceso de <strong>agrupaci\u00f3n de mercanc\u00edas<\/strong> para su transporte.El <strong>grupaje<\/strong> combina mercanc\u00edas de varios clientes en un mismo cami\u00f3n o contenedor. El gestor de transporte paga el coste total de transportar dicho cami\u00f3n o contenedor. A aquellos clientes que necesiten mover mercanc\u00edas discretas y peque\u00f1as (muy inferiores al espacio de un contenedor) no les interesa econ\u00f3micamente contratar un contenedor o cami\u00f3n completo para ello.El gestor de transporte se encargar\u00e1 entonces de consolidar las mercanc\u00edas de diferentes clientes en un mismo contenedor o cami\u00f3n, rentabilizando as\u00ed el transporte del mismo. De este modo, cada cliente podr\u00e1 transportar su mercanc\u00eda a un precio muy inferior del que pagar\u00eda si contratara para ello un contenedor o cami\u00f3n completo.<\/p>\n\t\t\t\u00bfCuando y por qu\u00e9 interesa un grupaje?\n\t\t<p>Un cliente optar\u00e1 por transporte mediante <strong>grupaje<\/strong> cuando su coste sea inferior al de un contenedor completo. Esto suele ocurrir cuando el volumen y\/o peso a transportar es inferior a la mitad de la capacidad de un contenedor o cami\u00f3n. Seg\u00fan el itinerario, tipo de mercanc\u00eda y transportistas involucrados, este l\u00edmite puede reducirse incluso a la cuarta parte de la capacidad del contenedor o cami\u00f3n.<\/p>\n\t\t\t\u00bfQu\u00e9 son dep\u00f3sitos especiales?\n\t\t<p>Cuando una mercanc\u00eda entra dentro de un determinado territorio, han de pagarse los <strong>impuestos<\/strong> que afecten a dicha mercanc\u00eda, seg\u00fan los tipos vigentes en dicho territorio (por ej., IVA, IGIC, Impuestos Especiales, AIEM\u2026).Si la mercanc\u00eda importada va a ser almacenada durante un periodo prolongado antes de ser vendida o reexpedida, el pago de dichos impuestos en el momento de la importaci\u00f3n crea un perjuicio en el flujo de caja del titular de la mercanc\u00eda, pues le genera un gasto cuando a\u00fan no ha obtenido los ingresos de la venta de dicho producto.Los <strong>Dep\u00f3sitos Especiales<\/strong> permiten almacenar dicha mercanc\u00eda en r\u00e9gimen suspensivo de impuestos, es decir, permiten suspender el pago de los impuestos mientras la mercanc\u00eda est\u00e9 almacenada.Existen varios tipos de <strong>Dep\u00f3sitos Especiales<\/strong>, seg\u00fan la finalidad e impuestos que afecten a la mercanc\u00eda.Para que un operador log\u00edstico pueda disponer de un dep\u00f3sito especial, ha de ser autorizado por las autoridades competentes.En <strong>LOGICARGO<\/strong> contamos con Dep\u00f3sitos Fiscales, Temporales, LAME y REF.<\/p>\n\t\t\t\u00bfQu\u00e9 es un dep\u00f3sito fiscal?\n\t\t<p>Determinados productos, como el alcohol o el tabaco, est\u00e1n afectados por un r\u00e9gimen especial de impuestos. Esto implica que, aparte de los impuestos al valor (IVA\/IGIC), les aplican <strong>impuestos especiales<\/strong>.Un <strong>Dep\u00f3sito Fiscal<\/strong> permite almacenar indefinidamente un producto sujeto a impuestos especiales en r\u00e9gimen suspensivo de dichos impuestos, por lo que el titular de mercanc\u00eda no tendr\u00e1 que pagarlos hasta que haya vendido la mercanc\u00eda, de modo que su liquidez no se vea afectada.<\/p>\n\t\t\t\u00bfQu\u00e9 es un Almac\u00e9n de Dep\u00f3sito Temporal?\n\t\t<p>Cuando un <strong>contenedor<\/strong> llega a puerto, \u00e9ste no puede abandonar la terminal del puerto hasta que toda la mercanc\u00eda que contiene est\u00e9 correctamente despachada (es decir, que se haya declarado los impuestos que la afecten ante la autoridad competente, y \u00e9sta lo haya aceptado).Un <strong>contenedor<\/strong> suele contener mercanc\u00edas diversas, especialmente si es de <strong>grupaje<\/strong>. Por tanto, si una sola de dichas mercanc\u00edas no puede ser despachada, dicho contenedor quedar\u00e1 bloqueado hasta que la autoridad d\u00e9 luz verde, bloqueando asimismo al resto de mercanc\u00edas. Esto puede durar d\u00edas.Para evitar esto, existen los <strong>ADT<\/strong> o <strong>Almacenes de Dep\u00f3sito Temporal<\/strong>. \u00c9stos son recintos autorizados por la autoridad competente a los operadores log\u00edsticos en sus dependencias, siempre que cumplan una serie de requisitos.Dichos <strong>ADT<\/strong> permiten al operador log\u00edstico desconsolidar un contenedor aunque a\u00fan no haya sido despachado, introduciendo en dicho <strong>ADT<\/strong> todas las mercanc\u00edas (partidas) que contenga. De este modo, podr\u00e1 ir sacando del <strong>ADT<\/strong> las mercanc\u00edas a medida que las vaya despachando. As\u00ed, si alguna de las partidas de dicho contenedor queda bloqueada por problemas de despacho, no bloquear\u00e1 al resto de mercanc\u00edas, agilizando considerablemente los tiempos de entrega.<strong>LOGICARGO<\/strong> cuenta con dos almacenes <strong>ADT<\/strong>, uno <strong>Gran Canaria<\/strong> y otro en <strong>Tenerife<\/strong>.<\/p>\n\n\n\n<p><\/p>\n<\/div><!-- .vgblk-rw-wrapper -->","protected":false},"excerpt":{"rendered":"<p>\u00bfQu\u00e9 es un grupaje? Un grupaje o consolidaci\u00f3n de mercanc\u00edas es el proceso de agrupaci\u00f3n de mercanc\u00edas para su transporte.El grupaje combina mercanc\u00edas de varios clientes en un mismo cami\u00f3n o contenedor. El gestor de transporte paga el coste total de transportar dicho cami\u00f3n o contenedor. A aquellos clientes que necesiten mover mercanc\u00edas discretas y&#8230;<\/p>\n","protected":false},"author":1,"featured_media":0,"parent":0,"menu_order":0,"comment_status":"closed","ping_status":"closed","template":"","meta":{"_price":"","_stock":"","_tribe_ticket_header":"","_tribe_default_ticket_provider":"","_tribe_ticket_capacity":"0","_ticket_start_date":"","_ticket_end_date":"","_tribe_ticket_show_description":"","_tribe_ticket_show_not_going":false,"_tribe_ticket_use_global_stock":"","_tribe_ticket_global_stock_level":"","_global_stock_mode":"","_global_stock_cap":"","_tribe_rsvp_for_event":"","_tribe_ticket_going_count":"","_tribe_ticket_not_going_count":"","_tribe_tickets_list":[],"_tribe_ticket_has_attendee_info_fields":false},"yoast_head":"<!-- This site is optimized with the Yoast SEO plugin v15.2.1 - https:\/\/yoast.com\/wordpress\/plugins\/seo\/ -->\n<title>Frequently Asked Questions - LOGICARGO<\/title>\n<meta name=\"robots\" content=\"index, follow, max-snippet:-1, max-image-preview:large, max-video-preview:-1\" \/>\n<link rel=\"canonical\" href=\"https:\/\/logicargo.es\/en\/frequently-asked-questions\/\" \/>\n<meta property=\"og:locale\" content=\"en_US\" \/>\n<meta property=\"og:type\" content=\"article\" \/>\n<meta property=\"og:title\" content=\"Frequently Asked Questions - LOGICARGO\" \/>\n<meta property=\"og:description\" content=\"\u00bfQu\u00e9 es un grupaje? Un grupaje o consolidaci\u00f3n de mercanc\u00edas es el proceso de agrupaci\u00f3n de mercanc\u00edas para su transporte.El grupaje combina mercanc\u00edas de varios clientes en un mismo cami\u00f3n o contenedor. El gestor de transporte paga el coste total de transportar dicho cami\u00f3n o contenedor. A aquellos clientes que necesiten mover mercanc\u00edas discretas y...\" \/>\n<meta property=\"og:url\" content=\"https:\/\/logicargo.es\/en\/frequently-asked-questions\/\" \/>\n<meta property=\"og:site_name\" content=\"LOGICARGO\" \/>\n<meta property=\"article:modified_time\" content=\"2020-11-12T17:22:02+00:00\" \/>\n<meta name=\"twitter:card\" content=\"summary_large_image\" \/>\n<meta name=\"twitter:label1\" content=\"Written by\">\n\t<meta name=\"twitter:data1\" content=\"logicargo\">\n\t<meta name=\"twitter:label2\" content=\"Est. reading time\">\n\t<meta name=\"twitter:data2\" content=\"3 minutes\">\n<script type=\"application\/ld+json\" class=\"yoast-schema-graph\">{\"@context\":\"https:\/\/schema.org\",\"@graph\":[{\"@type\":\"Organization\",\"@id\":\"https:\/\/logicargo.es\/#organization\",\"name\":\"Logicargo S.L.\",\"url\":\"https:\/\/logicargo.es\/\",\"sameAs\":[\"https:\/\/www.instagram.com\/logicargocanarias\/\",\"https:\/\/www.linkedin.com\/company\/logicargo-canarias\"],\"logo\":{\"@type\":\"ImageObject\",\"@id\":\"https:\/\/logicargo.es\/#logo\",\"inLanguage\":\"en-US\",\"url\":\"https:\/\/logicargo.es\/wp-content\/uploads\/2017\/07\/logohome.png\",\"width\":800,\"height\":329,\"caption\":\"Logicargo S.L.\"},\"image\":{\"@id\":\"https:\/\/logicargo.es\/#logo\"}},{\"@type\":\"WebSite\",\"@id\":\"https:\/\/logicargo.es\/#website\",\"url\":\"https:\/\/logicargo.es\/\",\"name\":\"Logicargo\",\"description\":\"Servicios de log\\u00edstica integral en Canarias\",\"publisher\":{\"@id\":\"https:\/\/logicargo.es\/#organization\"},\"potentialAction\":[{\"@type\":\"SearchAction\",\"target\":\"https:\/\/logicargo.es\/?s={search_term_string}\",\"query-input\":\"required name=search_term_string\"}],\"inLanguage\":\"en-US\"},{\"@type\":\"WebPage\",\"@id\":\"https:\/\/logicargo.es\/en\/frequently-asked-questions\/#webpage\",\"url\":\"https:\/\/logicargo.es\/en\/frequently-asked-questions\/\",\"name\":\"Frequently Asked Questions - LOGICARGO\",\"isPartOf\":{\"@id\":\"https:\/\/logicargo.es\/#website\"},\"datePublished\":\"2020-10-03T12:09:20+00:00\",\"dateModified\":\"2020-11-12T17:22:02+00:00\",\"inLanguage\":\"en-US\",\"potentialAction\":[{\"@type\":\"ReadAction\",\"target\":[\"https:\/\/logicargo.es\/en\/frequently-asked-questions\/\"]}]}]}<\/script>\n<!-- \/ Yoast SEO plugin. -->","jetpack_sharing_enabled":true,"_links":{"self":[{"href":"https:\/\/logicargo.es\/en\/wp-json\/wp\/v2\/pages\/17384"}],"collection":[{"href":"https:\/\/logicargo.es\/en\/wp-json\/wp\/v2\/pages"}],"about":[{"href":"https:\/\/logicargo.es\/en\/wp-json\/wp\/v2\/types\/page"}],"author":[{"embeddable":true,"href":"https:\/\/logicargo.es\/en\/wp-json\/wp\/v2\/users\/1"}],"replies":[{"embeddable":true,"href":"https:\/\/logicargo.es\/en\/wp-json\/wp\/v2\/comments?post=17384"}],"version-history":[{"count":2,"href":"https:\/\/logicargo.es\/en\/wp-json\/wp\/v2\/pages\/17384\/revisions"}],"predecessor-version":[{"id":17410,"href":"https:\/\/logicargo.es\/en\/wp-json\/wp\/v2\/pages\/17384\/revisions\/17410"}],"wp:attachment":[{"href":"https:\/\/logicargo.es\/en\/wp-json\/wp\/v2\/media?parent=17384"}],"curies":[{"name":"wp","href":"https:\/\/api.w.org\/{rel}","templated":true}]}}