{"id":17402,"date":"2020-04-19T13:16:17","date_gmt":"2020-04-19T12:16:17","guid":{"rendered":"https:\/\/logicargo.es\/uso-de-cookies\/"},"modified":"2020-11-12T17:23:30","modified_gmt":"2020-11-12T17:23:30","slug":"cookies","status":"publish","type":"page","link":"https:\/\/logicargo.es\/en\/cookies\/","title":{"rendered":"Cookies"},"content":{"rendered":"<div class=\"vgblk-rw-wrapper limit-wrapper\">\n<p>Este website de Logicargo S.L. utiliza cookies, bien propias o bien de terceros, con el objeto de mejorar sus servicios y su funcionamiento, as\u00ed como optimizar la experiencia del usuario. Por ello entendemos que, si prosigue con la navegaci\u00f3n o el alta\/instalaci\u00f3n de la aplicaci\u00f3n o servicio correspondiente y no desactiva las cookies, Usted est\u00e1 conforme con el empleo de las mismas.<\/p>\n<p>El objetivo de la presente pol\u00edtica es ayudarle a comprender el uso que realiza Logicargo S.L. de las cookies, la finalidad de las cookies utilizadas, as\u00ed como las opciones de las que dispone para gestionarlas.<\/p>\n<h3>1. \u00bfQu\u00e9 son las cookies?<\/h3>\n<p>Las cookies son ficheros que se descargan en el equipo del usuario con la finalidad de recoger datos, que son esenciales para el correcto funcionamiento de las p\u00e1ginas web, aplicaciones o cualquier otra website de Logicargo S.L., aportando ventajas al usuario, facilit\u00e1ndole la navegaci\u00f3n y usabilidad de las mismas y que podr\u00e1n ser actualizadas y recuperadas por las entidades de Logicargo S.L. responsables de su instalaci\u00f3n.<\/p>\n<p>Las cookies s\u00f3lo podr\u00e1n ser le\u00eddas por el servicio o aplicaci\u00f3n que las ha emitido y en ning\u00fan caso son archivos ejecutables, ni pueden propagarse, ni contener un virus. Igualmente, las cookies propias que se emplean en las websites deLogicargo S.L., no recogen datos personales de los usuarios (nombres, apellidos, direcci\u00f3n, datos bancarios ni ning\u00fan otro). La informaci\u00f3n que se obtenga mediante el servicio de cookies empleado por Logicargo S.L., es exclusivamente estad\u00edstica y totalmente an\u00f3nima.<\/p>\n<p>Adicionalmente, Logicargo S.L., para sus aplicaciones y servicios, utiliza el servicio anal\u00edtico Google Analytics, que tratar\u00e1n la informaci\u00f3n, por cuenta Logicargo S.L., de c\u00f3mo es usada la aplicaci\u00f3n y\/o servicio, con el \u00fanico fin de proporcionarnos los informes de la actividad del mismo.<\/p>\n<p>Para m\u00e1s informaci\u00f3n puede consultar el Centro de privacidad de cada una de las herramientas anal\u00edticas:<\/p>\n<p><strong>Google Analytics:<\/strong><\/p>\n<p>http:\/\/www.google.com\/intl\/es\/analytics\/learn\/privacy.html<\/p>\n<p>La informaci\u00f3n que genera la cookie acerca de su uso del website ser\u00e1 directamente transmitida y almacenada por Google. Si usted quiere denegar el permiso para el tratamiento estad\u00edstico de los datos o la informaci\u00f3n con Google Analytics, puede desactivar sin problemas este servicio. Para ello, siga este enlace:<\/p>\n<p>https:\/\/support.google.com\/analytics\/answer\/181881?hl=es<\/p>\n<h3>2. Tipolog\u00edas utilizadas por Logicargo S.L.<\/h3>\n<p>Las cookies utilizadas por Logicargo S.L son:<\/p>\n<p><strong>2.1. Seg\u00fan la entidad que las gestione:<\/strong><\/p>\n<p>Cookies propias: Son aqu\u00e9llas cookies que se env\u00edan al equipo terminal del usuario desde un equipo o dominio gestionado por la empresa y desde el que se presta el servicio solicitado por el usuario.<\/p>\n<p>Cookies de tercero: Son aqu\u00e9llas cookies que se env\u00edan al equipo terminal del usuario desde un equipo o dominio gestionado o no por la empresa, siendo un tercero la que trata los datos obtenidos a trav\u00e9s de las cookies.<\/p>\n<p><strong>2.2. Seg\u00fan el plazo de tiempo que permanecen activadas en el equipo terminal:<\/strong><\/p>\n<p>Cookies de sesi\u00f3n: Son aquellas cookies dise\u00f1adas para recabar y almacenar datos mientras el usuario accede a una p\u00e1gina web o aplicaci\u00f3n. Se emplean para almacenar informaci\u00f3n que solo interesa conservar para la prestaci\u00f3n del servicio solicitado por el usuario en una sola ocasi\u00f3n.<\/p>\n<p>Cookies persistentes: Son aquellas cookies en el que los datos siguen almacenados en el terminal a los que se puede acceder y tratar durante un periodo definido por la empresa, y que puede ir de unos minutos a varios a\u00f1os.<\/p>\n<p><strong>2.3.<\/strong> Seg\u00fan la finalidad para la que se traten los datos obtenidos a trav\u00e9s de las cookies:<\/p>\n<p>Cookies t\u00e9cnicas: Son aquellas que permiten al usuario la navegaci\u00f3n a trav\u00e9s de una p\u00e1gina web, plataforma o aplicaci\u00f3n y la utilizaci\u00f3n de las diferentes opciones o servicios que en ella existan.<\/p>\n<p>Cookies de personalizaci\u00f3n: Son aqu\u00e9llas que permiten al usuario acceder al servicio con algunas caracter\u00edsticas de car\u00e1cter general predefinidas, en funci\u00f3n de una serie de criterios en el terminal del usuario (por ejemplo, el idioma, el tipo de navegador a trav\u00e9s del cual accede al servicio, la configuraci\u00f3n regional desde donde accede al servicio, etc.).<\/p>\n<p>Cookies de an\u00e1lisis: Son aquellas que permiten el seguimiento y an\u00e1lisis del comportamiento de los usuarios de los sitios web a los que est\u00e1n vinculadas. La informaci\u00f3n recogida mediante este tipo de cookies se utiliza en la medici\u00f3n de la actividad de los sitios web, aplicaci\u00f3n o plataforma y para la elaboraci\u00f3n de perfiles de navegaci\u00f3n de los usuarios de dichos sitios, con el fin de introducir mejoras en funci\u00f3n del an\u00e1lisis de los datos de uso que hacen los usuarios del servicio.<\/p>\n<p>Cookies publicitarias: Son aqu\u00e9llas que permiten la gesti\u00f3n, de la forma m\u00e1s eficaz posible, de los espacios publicitarios que, en su caso, se hayan incluido en una p\u00e1gina web, aplicaci\u00f3n o plataforma desde la que se presta el servicio solicitado, en base a criterios como el contenido editado o la frecuencia en la que se muestran los anuncios. Logicargo S.L. no integra cookies de este tipo dentro de los servicios web prestados al usuario.<\/p>\n<p>Cookies de publicidad comportamental: Son aqu\u00e9llas que permiten la gesti\u00f3n, de la forma m\u00e1s eficaz posible, de los espacios publicitarios que, en su caso, se haya incluido en una p\u00e1gina web, aplicaci\u00f3n o plataforma desde la que se presta el servicio solicitado. Estas cookies almacenan informaci\u00f3n del comportamiento de los usuarios obtenida a trav\u00e9s de la observaci\u00f3n continuada de sus h\u00e1bitos de navegaci\u00f3n, lo que permite desarrollar un perfil espec\u00edfico para mostrar publicidad en funci\u00f3n del mismo. Logicargo S.L. no integra cookies de este tipo dentro de los servicios web prestados al usuario.<\/p>\n<h3>3. Configuraci\u00f3n de las cookies<\/h3>\n<p>Usted puede deshabilitar el uso de cookies cuando considere oportuno a trav\u00e9s de las opciones de configuraci\u00f3n\/ajuste de su navegador, de tal forma que puede bloquear, restringir, deshabilitar o borrar la aceptaci\u00f3n de cookies. No obstante, le recordamos que, en el caso de que decida cambiar la configuraci\u00f3n de las cookies, el servicio prestado a trav\u00e9s de los diferentes websites podr\u00eda verse afectado parcial o totalmente.<\/p>\n<p>Le facilitamos los enlaces a los soportes de los principales navegadores Web del mercado, en los que podr\u00e1 consultar c\u00f3mo cambiar la configuraci\u00f3n de las cookies:<\/p>\n<p>Windows Internet Explorer:<\/p>\n<p>http:\/\/windows.microsoft.com\/es-es\/windows-vista\/block-or-allow-cookies<\/p>\n<p>Firefox:<\/p>\n<p>http:\/\/support.mozilla.org\/es\/kb\/habilitar-y-deshabilitar-cookies-que-los-sitios-we<\/p>\n<p>Google Chrome:<\/p>\n<p>https:\/\/support.google.com\/chrome\/answer\/95647?hl=es<\/p>\n<p>Safari:<\/p>\n<p>http:\/\/support.apple.com\/kb\/HT1677?viewlocale=es_ES<\/p>\n<h3>4. Revisi\u00f3n de la pol\u00edtica de cookies.<\/h3>\n<p>Logicargo S.L. realizar\u00e1 una revisi\u00f3n de la Pol\u00edtica de cookies periodicamente, salvo que existan exigencias normativas o de otra \u00edndole que hagan necesario adaptar la Pol\u00edtica con una periodicidad inferior. Por tanto, se aconseja a los usuarios que consulten peri\u00f3dicamente su contenido.<\/p>\n<p>Para m\u00e1s informaci\u00f3n sobre cookies, puede consultar la Gu\u00eda sobre el uso de las cookies de la Agencia Espa\u00f1ola de Protecci\u00f3n de Datos (PDF, 630 KB).<\/p>\n<\/div><!-- .vgblk-rw-wrapper -->","protected":false},"excerpt":{"rendered":"<p>Este website de Logicargo S.L. utiliza cookies, bien propias o bien de terceros, con el objeto de mejorar sus servicios y su funcionamiento, as\u00ed como optimizar la experiencia del usuario. Por ello entendemos que, si prosigue con la navegaci\u00f3n o el alta\/instalaci\u00f3n de la aplicaci\u00f3n o servicio correspondiente y no desactiva las cookies, Usted est\u00e1&#8230;<\/p>\n","protected":false},"author":1,"featured_media":0,"parent":0,"menu_order":0,"comment_status":"closed","ping_status":"closed","template":"","meta":{"_price":"","_stock":"","_tribe_ticket_header":"","_tribe_default_ticket_provider":"","_tribe_ticket_capacity":"0","_ticket_start_date":"","_ticket_end_date":"","_tribe_ticket_show_description":"","_tribe_ticket_show_not_going":false,"_tribe_ticket_use_global_stock":"","_tribe_ticket_global_stock_level":"","_global_stock_mode":"","_global_stock_cap":"","_tribe_rsvp_for_event":"","_tribe_ticket_going_count":"","_tribe_ticket_not_going_count":"","_tribe_tickets_list":[],"_tribe_ticket_has_attendee_info_fields":false},"yoast_head":"<!-- This site is optimized with the Yoast SEO plugin v15.2.1 - https:\/\/yoast.com\/wordpress\/plugins\/seo\/ -->\n<title>Cookies - LOGICARGO<\/title>\n<meta name=\"robots\" content=\"index, follow, max-snippet:-1, max-image-preview:large, max-video-preview:-1\" \/>\n<link rel=\"canonical\" href=\"https:\/\/logicargo.es\/en\/cookies\/\" \/>\n<meta property=\"og:locale\" content=\"en_US\" \/>\n<meta property=\"og:type\" content=\"article\" \/>\n<meta property=\"og:title\" content=\"Cookies - LOGICARGO\" \/>\n<meta property=\"og:description\" content=\"Este website de Logicargo S.L. utiliza cookies, bien propias o bien de terceros, con el objeto de mejorar sus servicios y su funcionamiento, as\u00ed como optimizar la experiencia del usuario. Por ello entendemos que, si prosigue con la navegaci\u00f3n o el alta\/instalaci\u00f3n de la aplicaci\u00f3n o servicio correspondiente y no desactiva las cookies, Usted est\u00e1...\" \/>\n<meta property=\"og:url\" content=\"https:\/\/logicargo.es\/en\/cookies\/\" \/>\n<meta property=\"og:site_name\" content=\"LOGICARGO\" \/>\n<meta property=\"article:modified_time\" content=\"2020-11-12T17:23:30+00:00\" \/>\n<meta name=\"twitter:card\" content=\"summary_large_image\" \/>\n<meta name=\"twitter:label1\" content=\"Written by\">\n\t<meta name=\"twitter:data1\" content=\"logicargo\">\n\t<meta name=\"twitter:label2\" content=\"Est. reading time\">\n\t<meta name=\"twitter:data2\" content=\"5 minutes\">\n<script type=\"application\/ld+json\" class=\"yoast-schema-graph\">{\"@context\":\"https:\/\/schema.org\",\"@graph\":[{\"@type\":\"Organization\",\"@id\":\"https:\/\/logicargo.es\/#organization\",\"name\":\"Logicargo S.L.\",\"url\":\"https:\/\/logicargo.es\/\",\"sameAs\":[\"https:\/\/www.instagram.com\/logicargocanarias\/\",\"https:\/\/www.linkedin.com\/company\/logicargo-canarias\"],\"logo\":{\"@type\":\"ImageObject\",\"@id\":\"https:\/\/logicargo.es\/#logo\",\"inLanguage\":\"en-US\",\"url\":\"https:\/\/logicargo.es\/wp-content\/uploads\/2017\/07\/logohome.png\",\"width\":800,\"height\":329,\"caption\":\"Logicargo S.L.\"},\"image\":{\"@id\":\"https:\/\/logicargo.es\/#logo\"}},{\"@type\":\"WebSite\",\"@id\":\"https:\/\/logicargo.es\/#website\",\"url\":\"https:\/\/logicargo.es\/\",\"name\":\"Logicargo\",\"description\":\"Servicios de log\\u00edstica integral en Canarias\",\"publisher\":{\"@id\":\"https:\/\/logicargo.es\/#organization\"},\"potentialAction\":[{\"@type\":\"SearchAction\",\"target\":\"https:\/\/logicargo.es\/?s={search_term_string}\",\"query-input\":\"required name=search_term_string\"}],\"inLanguage\":\"en-US\"},{\"@type\":\"WebPage\",\"@id\":\"https:\/\/logicargo.es\/en\/cookies\/#webpage\",\"url\":\"https:\/\/logicargo.es\/en\/cookies\/\",\"name\":\"Cookies - LOGICARGO\",\"isPartOf\":{\"@id\":\"https:\/\/logicargo.es\/#website\"},\"datePublished\":\"2020-04-19T12:16:17+00:00\",\"dateModified\":\"2020-11-12T17:23:30+00:00\",\"inLanguage\":\"en-US\",\"potentialAction\":[{\"@type\":\"ReadAction\",\"target\":[\"https:\/\/logicargo.es\/en\/cookies\/\"]}]}]}<\/script>\n<!-- \/ Yoast SEO plugin. -->","jetpack_sharing_enabled":true,"_links":{"self":[{"href":"https:\/\/logicargo.es\/en\/wp-json\/wp\/v2\/pages\/17402"}],"collection":[{"href":"https:\/\/logicargo.es\/en\/wp-json\/wp\/v2\/pages"}],"about":[{"href":"https:\/\/logicargo.es\/en\/wp-json\/wp\/v2\/types\/page"}],"author":[{"embeddable":true,"href":"https:\/\/logicargo.es\/en\/wp-json\/wp\/v2\/users\/1"}],"replies":[{"embeddable":true,"href":"https:\/\/logicargo.es\/en\/wp-json\/wp\/v2\/comments?post=17402"}],"version-history":[{"count":2,"href":"https:\/\/logicargo.es\/en\/wp-json\/wp\/v2\/pages\/17402\/revisions"}],"predecessor-version":[{"id":17416,"href":"https:\/\/logicargo.es\/en\/wp-json\/wp\/v2\/pages\/17402\/revisions\/17416"}],"wp:attachment":[{"href":"https:\/\/logicargo.es\/en\/wp-json\/wp\/v2\/media?parent=17402"}],"curies":[{"name":"wp","href":"https:\/\/api.w.org\/{rel}","templated":true}]}}